{"id":9,"date":"2019-05-20T13:26:13","date_gmt":"2019-05-20T11:26:13","guid":{"rendered":"https:\/\/www.walygatorparc.com\/sudouest\/agen\/?page_id=9"},"modified":"2026-04-20T10:51:26","modified_gmt":"2026-04-20T08:51:26","slug":"home","status":"publish","type":"page","link":"https:\/\/www.walygatorparc.com\/sudouest\/agen\/","title":{"rendered":"Parc Aquatique by Walygator Sud-Ouest"},"content":{"rendered":"<h1 class=\"wp-block-post-title\">Parc Aquatique by Walygator Sud-Ouest<\/h1>","protected":false},"excerpt":{"rendered":"","protected":false},"author":1,"featured_media":0,"parent":0,"menu_order":0,"comment_status":"closed","ping_status":"closed","template":"page-principal.php","meta":{"_acf_changed":false,"footnotes":""},"class_list":["post-9","page","type-page","status-publish","hentry"],"acf":[],"featured_image_urls_v2":{"full":"","thumbnail":"","medium":"","medium_large":"","large":"","1536x1536":"","2048x2048":""},"post_excerpt_stackable_v2":"<p>Parc Aquatique by Walygator Sud-Ouest<\/p>\n","category_list_v2":"","author_info_v2":{"name":"4sT40ra","url":"https:\/\/www.walygatorparc.com\/sudouest\/agen\/actualites\/author\/4st40ra\/"},"comments_num_v2":"0 comentarios","yoast_head":"<!-- This site is optimized with the Yoast SEO plugin v27.5 - https:\/\/yoast.com\/product\/yoast-seo-wordpress\/ -->\n<title>Parc Aquatique Agen \u2013 Walygator Sud Ouest<\/title>\n<meta name=\"description\" content=\"D\u00e9couvrez le parc aquatique d&#039;Agen Walygator : attractions, toboggans, zones enfants, horaires, acc\u00e8s, tarifs web 2025 et r\u00e9servation en ligne.\" \/>\n<meta name=\"robots\" content=\"index, follow, max-snippet:-1, max-image-preview:large, max-video-preview:-1\" \/>\n<link rel=\"canonical\" href=\"https:\/\/www.walygatorparc.com\/sudouest\/agen\/\" \/>\n<meta property=\"og:locale\" content=\"es_ES\" \/>\n<meta property=\"og:type\" content=\"article\" \/>\n<meta property=\"og:title\" content=\"Parc Aquatique Agen \u2013 Walygator Sud Ouest\" \/>\n<meta property=\"og:description\" content=\"D\u00e9couvrez le parc aquatique d&#039;Agen Walygator : attractions, toboggans, zones enfants, horaires, acc\u00e8s, tarifs web 2025 et r\u00e9servation en ligne.\" \/>\n<meta property=\"og:url\" content=\"https:\/\/www.walygatorparc.com\/sudouest\/agen\/\" \/>\n<meta property=\"og:site_name\" content=\"Aqualand Agen\" \/>\n<meta property=\"article:modified_time\" content=\"2026-04-20T08:51:26+00:00\" \/>\n<meta name=\"twitter:card\" content=\"summary_large_image\" \/>\n<script type=\"application\/ld+json\" class=\"yoast-schema-graph\">{\"@context\":\"https:\\\/\\\/schema.org\",\"@graph\":[{\"@type\":\"WebPage\",\"@id\":\"https:\\\/\\\/www.walygatorparc.com\\\/sudouest\\\/agen\\\/\",\"url\":\"https:\\\/\\\/www.walygatorparc.com\\\/sudouest\\\/agen\\\/\",\"name\":\"Parc Aquatique Agen \u2013 Walygator Sud Ouest\",\"isPartOf\":{\"@id\":\"https:\\\/\\\/www.aqualand.fr\\\/agen\\\/#website\"},\"datePublished\":\"2019-05-20T11:26:13+00:00\",\"dateModified\":\"2026-04-20T08:51:26+00:00\",\"description\":\"D\u00e9couvrez le parc aquatique d'Agen Walygator : attractions, toboggans, zones enfants, horaires, acc\u00e8s, tarifs web 2025 et r\u00e9servation en ligne.\",\"breadcrumb\":{\"@id\":\"https:\\\/\\\/www.walygatorparc.com\\\/sudouest\\\/agen\\\/#breadcrumb\"},\"inLanguage\":\"es\",\"potentialAction\":[{\"@type\":\"ReadAction\",\"target\":[\"https:\\\/\\\/www.walygatorparc.com\\\/sudouest\\\/agen\\\/\"]}]},{\"@type\":\"BreadcrumbList\",\"@id\":\"https:\\\/\\\/www.walygatorparc.com\\\/sudouest\\\/agen\\\/#breadcrumb\",\"itemListElement\":[{\"@type\":\"ListItem\",\"position\":1,\"name\":\"Portada\",\"item\":\"https:\\\/\\\/www.walygatorparc.com\\\/sudouest\\\/agen\\\/\"},{\"@type\":\"ListItem\",\"position\":2,\"name\":\"Parc Aquatique by Walygator Sud-Ouest\"}]},{\"@type\":\"WebSite\",\"@id\":\"https:\\\/\\\/www.aqualand.fr\\\/agen\\\/#website\",\"url\":\"https:\\\/\\\/www.aqualand.fr\\\/agen\\\/\",\"name\":\"Aqualand Agen\",\"description\":\"Profitez du parc aquatique \u00e0 Agen pour toute la famille. D\u00e9couvrez nos attractions aquatiques, grands bassins et toboggans pour un moment inoubliable en famille ou entre amis.\",\"potentialAction\":[{\"@type\":\"SearchAction\",\"target\":{\"@type\":\"EntryPoint\",\"urlTemplate\":\"https:\\\/\\\/www.aqualand.fr\\\/agen\\\/?s={search_term_string}\"},\"query-input\":{\"@type\":\"PropertyValueSpecification\",\"valueRequired\":true,\"valueName\":\"search_term_string\"}}],\"inLanguage\":\"es\"}]}<\/script>\n<!-- \/ Yoast SEO plugin. -->","yoast_head_json":{"title":"Parc Aquatique Agen \u2013 Walygator Sud Ouest","description":"D\u00e9couvrez le parc aquatique d'Agen Walygator : attractions, toboggans, zones enfants, horaires, acc\u00e8s, tarifs web 2025 et r\u00e9servation en ligne.","robots":{"index":"index","follow":"follow","max-snippet":"max-snippet:-1","max-image-preview":"max-image-preview:large","max-video-preview":"max-video-preview:-1"},"canonical":"https:\/\/www.walygatorparc.com\/sudouest\/agen\/","og_locale":"es_ES","og_type":"article","og_title":"Parc Aquatique Agen \u2013 Walygator Sud Ouest","og_description":"D\u00e9couvrez le parc aquatique d'Agen Walygator : attractions, toboggans, zones enfants, horaires, acc\u00e8s, tarifs web 2025 et r\u00e9servation en ligne.","og_url":"https:\/\/www.walygatorparc.com\/sudouest\/agen\/","og_site_name":"Aqualand Agen","article_modified_time":"2026-04-20T08:51:26+00:00","twitter_card":"summary_large_image","schema":{"@context":"https:\/\/schema.org","@graph":[{"@type":"WebPage","@id":"https:\/\/www.walygatorparc.com\/sudouest\/agen\/","url":"https:\/\/www.walygatorparc.com\/sudouest\/agen\/","name":"Parc Aquatique Agen \u2013 Walygator Sud Ouest","isPartOf":{"@id":"https:\/\/www.aqualand.fr\/agen\/#website"},"datePublished":"2019-05-20T11:26:13+00:00","dateModified":"2026-04-20T08:51:26+00:00","description":"D\u00e9couvrez le parc aquatique d'Agen Walygator : attractions, toboggans, zones enfants, horaires, acc\u00e8s, tarifs web 2025 et r\u00e9servation en ligne.","breadcrumb":{"@id":"https:\/\/www.walygatorparc.com\/sudouest\/agen\/#breadcrumb"},"inLanguage":"es","potentialAction":[{"@type":"ReadAction","target":["https:\/\/www.walygatorparc.com\/sudouest\/agen\/"]}]},{"@type":"BreadcrumbList","@id":"https:\/\/www.walygatorparc.com\/sudouest\/agen\/#breadcrumb","itemListElement":[{"@type":"ListItem","position":1,"name":"Portada","item":"https:\/\/www.walygatorparc.com\/sudouest\/agen\/"},{"@type":"ListItem","position":2,"name":"Parc Aquatique by Walygator Sud-Ouest"}]},{"@type":"WebSite","@id":"https:\/\/www.aqualand.fr\/agen\/#website","url":"https:\/\/www.aqualand.fr\/agen\/","name":"Aqualand Agen","description":"Profitez du parc aquatique \u00e0 Agen pour toute la famille. D\u00e9couvrez nos attractions aquatiques, grands bassins et toboggans pour un moment inoubliable en famille ou entre amis.","potentialAction":[{"@type":"SearchAction","target":{"@type":"EntryPoint","urlTemplate":"https:\/\/www.aqualand.fr\/agen\/?s={search_term_string}"},"query-input":{"@type":"PropertyValueSpecification","valueRequired":true,"valueName":"search_term_string"}}],"inLanguage":"es"}]}},"_links":{"self":[{"href":"https:\/\/www.walygatorparc.com\/sudouest\/agen\/wp-json\/wp\/v2\/pages\/9","targetHints":{"allow":["GET"]}}],"collection":[{"href":"https:\/\/www.walygatorparc.com\/sudouest\/agen\/wp-json\/wp\/v2\/pages"}],"about":[{"href":"https:\/\/www.walygatorparc.com\/sudouest\/agen\/wp-json\/wp\/v2\/types\/page"}],"author":[{"embeddable":true,"href":"https:\/\/www.walygatorparc.com\/sudouest\/agen\/wp-json\/wp\/v2\/users\/1"}],"replies":[{"embeddable":true,"href":"https:\/\/www.walygatorparc.com\/sudouest\/agen\/wp-json\/wp\/v2\/comments?post=9"}],"version-history":[{"count":106,"href":"https:\/\/www.walygatorparc.com\/sudouest\/agen\/wp-json\/wp\/v2\/pages\/9\/revisions"}],"predecessor-version":[{"id":1058,"href":"https:\/\/www.walygatorparc.com\/sudouest\/agen\/wp-json\/wp\/v2\/pages\/9\/revisions\/1058"}],"wp:attachment":[{"href":"https:\/\/www.walygatorparc.com\/sudouest\/agen\/wp-json\/wp\/v2\/media?parent=9"}],"curies":[{"name":"wp","href":"https:\/\/api.w.org\/{rel}","templated":true}]}}